{"id":910,"date":"2024-08-14T13:54:23","date_gmt":"2024-08-14T13:54:23","guid":{"rendered":"https:\/\/logosens.biz\/?page_id=910"},"modified":"2024-08-14T13:54:23","modified_gmt":"2024-08-14T13:54:23","slug":"o-nas-przedszkole","status":"publish","type":"page","link":"https:\/\/logosens.biz\/?page_id=910","title":{"rendered":"O nas Przedszkole"},"content":{"rendered":"\n<h3 class=\"wp-block-heading\">Niepubliczne Przedszkole \u201eLogoSens\u201d oddzia\u0142em integracyjnym w Krakowie<\/h3>\n\n\n\n<p>Nasze przedszkole oferuje kameraln\u0105 atmosfer\u0119, z grupami licz\u0105cymi do 15 dzieci,<br>co umo\u017cliwia indywidualne podej\u015bcie do ka\u017cdego dziecka. Nasze jasne i przestronne<br>sale s\u0105 wyposa\u017cone w atestowane sprz\u0119ty i mebelki, kt\u00f3re zapewniaj\u0105<br>bezpiecze\u0144stwo i komfort dzieciom. Zatrudniamy wykwalifikowan\u0105 i kreatywn\u0105 kadr\u0119<br>z bogatym do\u015bwiadczeniem pedagogicznym. Prace wychowawczo-dydaktyczne oraz<br>opieku\u0144cze s\u0105 prowadzone zgodnie z zatwierdzonym przez Ministerstwo Edukacji<br>Narodowej programem edukacji przedszkolnej. Ponadto, nasze przedszkole realizuje<br>roczne przygotowanie przedszkolne, przygotowuj\u0105ce dzieci do nauki w szkole<br>podstawowej.<\/p>\n\n\n\n<h3 class=\"wp-block-heading\">Cele przedszkola \u201eLogoSens\u201d:<\/h3>\n\n\n\n<ul class=\"wp-block-list\">\n<li>Wspieranie rodzic\u00f3w w opiece i wychowaniu dziecka;<\/li>\n\n\n\n<li>Zapewnienie dziecku wszechstronnego rozwoju intelektualnego, emocjonalnego,<br>spo\u0142ecznego, moralnego i fizycznego;<\/li>\n\n\n\n<li>Kszta\u0142towanie samodzielno\u015bci i odpowiedzialno\u015bci u dziecka;<\/li>\n\n\n\n<li>Wydobywanie tw\u00f3rczego potencja\u0142u i mo\u017cliwo\u015bci rozwojowych;<\/li>\n\n\n\n<li>Rozwijanie \u015bwiadomo\u015bci zdrowotnej i dba\u0142o\u015bci o cia\u0142o;<\/li>\n\n\n\n<li>Kszta\u0142towanie postaw proekologicznych;<\/li>\n\n\n\n<li>Uczenie wsp\u00f3\u0142pracy w grupie;<\/li>\n\n\n\n<li>Przygotowanie do nauki w szkole.<\/li>\n<\/ul>\n\n\n\n<p>Jeste\u015bmy pewni, \u017ce dzieci znajd\u0105 u nas ciep\u0142o, \u017cyczliwo\u015b\u0107 i trosk\u0119, kt\u00f3re pozwol\u0105 im<br>harmonijnie si\u0119 rozwija\u0107, uczy\u0107 i zdobywa\u0107 nowe do\u015bwiadczenia.<\/p>\n\n\n\n<h3 class=\"wp-block-heading\">Dodatkowo oferujemy:<\/h3>\n\n\n\n<ul class=\"wp-block-list\">\n<li>organizacj\u0119 imprez okoliczno\u015bciowych,<\/li>\n\n\n\n<li>wycieczki,<\/li>\n\n\n\n<li>przedstawienia teatralne,<\/li>\n\n\n\n<li>\u015bwi\u0119towanie urodzin naszych przedszkolak\u00f3w.<\/li>\n<\/ul>\n","protected":false},"excerpt":{"rendered":"<p>Niepubliczne Przedszkole \u201eLogoSens\u201d oddzia\u0142em integracyjnym w Krakowie Nasze przedszkole oferuje kameraln\u0105 atmosfer\u0119, z grupami licz\u0105cymi do 15 dzieci,co umo\u017cliwia indywidualne podej\u015bcie do ka\u017cdego dziecka. Nasze jasne i przestronnesale s\u0105 wyposa\u017cone w atestowane sprz\u0119ty i mebelki, kt\u00f3re zapewniaj\u0105bezpiecze\u0144stwo i komfort dzieciom. Zatrudniamy wykwalifikowan\u0105 i kreatywn\u0105 kadr\u0119z bogatym do\u015bwiadczeniem pedagogicznym. Prace wychowawczo-dydaktyczne orazopieku\u0144cze s\u0105 prowadzone zgodnie z [&hellip;]<\/p>\n","protected":false},"author":1,"featured_media":0,"parent":0,"menu_order":0,"comment_status":"closed","ping_status":"closed","template":"","meta":{"inline_featured_image":false,"ngg_post_thumbnail":0,"_glsr_average":0,"_glsr_ranking":0,"_glsr_reviews":0,"footnotes":""},"class_list":["post-910","page","type-page","status-publish","hentry"],"_links":{"self":[{"href":"https:\/\/logosens.biz\/index.php?rest_route=\/wp\/v2\/pages\/910","targetHints":{"allow":["GET"]}}],"collection":[{"href":"https:\/\/logosens.biz\/index.php?rest_route=\/wp\/v2\/pages"}],"about":[{"href":"https:\/\/logosens.biz\/index.php?rest_route=\/wp\/v2\/types\/page"}],"author":[{"embeddable":true,"href":"https:\/\/logosens.biz\/index.php?rest_route=\/wp\/v2\/users\/1"}],"replies":[{"embeddable":true,"href":"https:\/\/logosens.biz\/index.php?rest_route=%2Fwp%2Fv2%2Fcomments&post=910"}],"version-history":[{"count":1,"href":"https:\/\/logosens.biz\/index.php?rest_route=\/wp\/v2\/pages\/910\/revisions"}],"predecessor-version":[{"id":912,"href":"https:\/\/logosens.biz\/index.php?rest_route=\/wp\/v2\/pages\/910\/revisions\/912"}],"wp:attachment":[{"href":"https:\/\/logosens.biz\/index.php?rest_route=%2Fwp%2Fv2%2Fmedia&parent=910"}],"curies":[{"name":"wp","href":"https:\/\/api.w.org\/{rel}","templated":true}]}}