{"id":866,"date":"2024-08-09T15:22:48","date_gmt":"2024-08-09T15:22:48","guid":{"rendered":"https:\/\/logosens.biz\/?page_id=866"},"modified":"2024-08-09T15:22:48","modified_gmt":"2024-08-09T15:22:48","slug":"polityka-prywatnosci-poradni","status":"publish","type":"page","link":"https:\/\/logosens.biz\/?page_id=866","title":{"rendered":"Polityka Prywatno\u015bci Poradni"},"content":{"rendered":"\n<h3 class=\"wp-block-heading\">Klauzula informacyjna dotycz\u0105ca przetwarzania danych osobowych w<br>Niepublicznej Poradni Psychologiczno-Pedagogicznej \u201eLogoSens\u201d<\/h3>\n\n\n\n<p>Na podstawie rozporz\u0105dzenia Parlamentu Europejskiego i Rady (UE) 2016\/679 z<br>dnia 27 kwietnia 2016 r. w sprawie ochrony os\u00f3b fizycznych w zwi\u0105zku z<br>przetwarzaniem danych osobowych i w sprawie swobodnego przep\u0142ywu takich<br>danych oraz uchylenia dyrektywy 95\/46\/WE (og\u00f3lnego rozporz\u0105dzenia o ochronie<br>danych), Dz.U.UE.L.2016.119.1 (dalej: RODO) informujemy, \u017ce: Administratorem<br>danych osobowych jest Niepubliczna Poradnia Psychologiczno-Pedagogiczna<br>LogoSens, ul. Chmieleniec 2B LU2 i LU3, 30-348 Krak\u00f3w, e-mail:<br>logosens.krakow@gmail.com tel. +48\u00a0537\u00a0384 318.<\/p>\n\n\n\n<h3 class=\"wp-block-heading\">Cele przetwarzania danych osobowych i podstawa prawna<\/h3>\n\n\n\n<p>Nasza plac\u00f3wka przetwarza dane osobowe, aby wype\u0142nia\u0107 obowi\u0105zki publiczne,<br>kt\u00f3re wynikaj\u0105 z przepis\u00f3w prawa. W przypadku danych dzieci jest to przede<br>wszystkim realizacja zada\u0144 edukacyjnych, wychowawczych i dydaktycznych, a tak\u017ce<br>zapewnienie im bezpiecze\u0144stwa oraz prowadzenie dokumentacji zwi\u0105zanej z<br>przebiegiem nauki i opieki.<br>Dane osobowe pracownik\u00f3w i kontrahent\u00f3w przetwarzane s\u0105 w celu prawid\u0142owej<br>realizacji um\u00f3w o prac\u0119 lub innych um\u00f3w zlecenia.<br>Nasza plac\u00f3wka przetwarza dane uczni\u00f3w, ich rodzic\u00f3w lub opiekun\u00f3w prawnych na<br>podstawie art. 6 ust. 1 lit. c) oraz art. 9 ust. 2 lit. g) RODO, czyli w celu wype\u0142nienia<br>obowi\u0105zk\u00f3w wynikaj\u0105cych z prawa o\u015bwiatowego.<br>Dane mog\u0105 by\u0107 r\u00f3wnie\u017c przetwarzane w zwi\u0105zku z realizacj\u0105 umowy, kt\u00f3rej stron\u0105<br>jest osoba, kt\u00f3rej dane dotycz\u0105, np. w procesie rekrutacji do poradni (art. 6 ust. 1 lit.<br>b) RODO).<br>W niekt\u00f3rych przypadkach przetwarzanie danych osobowych, takich jak wizerunek<br>ucznia, opiera si\u0119 na dobrowolnej zgodzie (art. 6 ust. 1 lit. a oraz art. 9 ust. 2 lit. a<br>RODO).<\/p>\n\n\n\n<h3 class=\"wp-block-heading\">Odbiorcy danych osobowych<\/h3>\n\n\n\n<p>Plac\u00f3wka nie przekazuje danych osobowych do pa\u0144stw spoza Unii Europejskiej ani<br>do organizacji mi\u0119dzynarodowych, chyba \u017ce uzyska na to Twoj\u0105 wyra\u017an\u0105 zgod\u0119.<br>Twoje dane osobowe mog\u0105 by\u0107 udost\u0119pniane nast\u0119puj\u0105cym podmiotom:<\/p>\n\n\n\n<ul class=\"wp-block-list\">\n<li>Organy w\u0142adzy publicznej oraz podmioty realizuj\u0105ce zadania publiczne lub<br>dzia\u0142aj\u0105ce na zlecenie organ\u00f3w w\u0142adzy publicznej, zgodnie z przepisami<br>obowi\u0105zuj\u0105cego prawa.<\/li>\n\n\n\n<li>Inne podmioty, kt\u00f3re przetwarzaj\u0105 dane osobowe na zlecenie poradni, na podstawie<br>odpowiednich um\u00f3w lub porozumie\u0144.<\/li>\n<\/ul>\n\n\n\n<h3 class=\"wp-block-heading\">Okres przechowywania danych osobowych<\/h3>\n\n\n\n<p>Pa\u0144stwa dane osobowe b\u0119d\u0105 przechowywane tylko tak d\u0142ugo, jak to konieczne do<br>realizacji cel\u00f3w, dla kt\u00f3rych zosta\u0142y zebrane. Po tym okresie dane b\u0119d\u0105<br>przechowywane jedynie tak d\u0142ugo, jak wymagaj\u0105 tego obowi\u0105zuj\u0105ce przepisy prawa.<\/p>\n\n\n\n<h3 class=\"wp-block-heading\">Prawa os\u00f3b, kt\u00f3rych dane dotycz\u0105, w tym dost\u0119pu do danych osobowych<\/h3>\n\n\n\n<p>W zwi\u0105zku z przetwarzaniem Pa\u0144stwa danych osobowych, przys\u0142uguj\u0105 Ci<br>nast\u0119puj\u0105ce prawa:<br>1) Prawo dost\u0119pu \u2013 Masz prawo wgl\u0105du do swoich danych osobowych oraz<br>uzyskania ich kopii.<br>2) Prawo do sprostowania \u2013 Mo\u017cesz \u017c\u0105da\u0107 poprawienia swoich danych osobowych,<br>je\u015bli s\u0105 nieprawid\u0142owe lub niekompletne.<br>3) Prawo do usuni\u0119cia danych (prawo do bycia zapomnianym) \u2013 Mo\u017cesz \u017c\u0105da\u0107<br>usuni\u0119cia swoich danych, gdy:<\/p>\n\n\n\n<ul class=\"wp-block-list\">\n<li>nie s\u0105 ju\u017c potrzebne do cel\u00f3w, dla kt\u00f3rych zosta\u0142y zebrane.<\/li>\n\n\n\n<li>wyrazisz sprzeciw wobec ich przetwarzania.<\/li>\n\n\n\n<li>wycofasz zgod\u0119, na podstawie kt\u00f3rej dane by\u0142y przetwarzane, i nie ma innej<br>podstawy prawnej do ich przetwarzania.<\/li>\n\n\n\n<li>dane s\u0105 przetwarzane niezgodnie z prawem.<\/li>\n\n\n\n<li>musz\u0105 zosta\u0107 usuni\u0119te, aby wype\u0142ni\u0107 obowi\u0105zek prawny.<br>4) Prawo do ograniczenia przetwarzania \u2013 Mo\u017cesz \u017c\u0105da\u0107 ograniczenia przetwarzania<br>swoich danych, gdy:<\/li>\n\n\n\n<li>kwestionujesz ich prawid\u0142owo\u015b\u0107.<\/li>\n\n\n\n<li>przetwarzanie jest niezgodne z prawem, ale zamiast usuni\u0119cia wolisz ograniczenie.<\/li>\n\n\n\n<li>administrator nie potrzebuje ju\u017c danych do swoich cel\u00f3w, ale s\u0105 one potrzebne<br>Tobie do ustalenia, obrony lub dochodzenia roszcze\u0144.<\/li>\n\n\n\n<li>wnios\u0142e\u015b sprzeciw wobec przetwarzania danych, a kwestia, czy uzasadnione<br>podstawy administratora s\u0105 nadrz\u0119dne, jest w trakcie ustalania.<\/li>\n\n\n\n<li>prawo do przenoszenia danych \u2013 Mo\u017cesz \u017c\u0105da\u0107 przeniesienia swoich danych do<br>innego administratora, je\u015bli:<\/li>\n\n\n\n<li>przetwarzanie odbywa si\u0119 na podstawie umowy lub zgody.<\/li>\n\n\n\n<li>przetwarzanie jest zautomatyzowane.<br>5) Prawo sprzeciwu \u2013 Masz prawo sprzeciwi\u0107 si\u0119 przetwarzaniu swoich danych,<br>chyba \u017ce poradnia ma prawo do ich przetwarzania na podstawie przepis\u00f3w prawa.<\/li>\n<\/ul>\n\n\n\n<h3 class=\"wp-block-heading\">Prawo do cofni\u0119cia zgody<\/h3>\n\n\n\n<p>Je\u015bli przetwarzanie Twoich danych osobowych odbywa si\u0119 na podstawie zgody (art.<br>6 ust. 1 lit. a RODO), masz prawo w ka\u017cdej chwili cofn\u0105\u0107 t\u0119 zgod\u0119. Cofni\u0119cie zgody<br>nie wp\u0142ywa na zgodno\u015b\u0107 przetwarzania, kt\u00f3re mia\u0142o miejsce na podstawie zgody<br>przed jej wycofaniem.<br>Prawo do wniesienia skargi<br>Je\u017celi uwa\u017casz, \u017ce przetwarzanie Twoich danych osobowych narusza przepisy o<br>ochronie danych osobowych, masz prawo z\u0142o\u017cy\u0107 skarg\u0119 do organu nadzorczego,<br>kt\u00f3rym jest Prezes Urz\u0119du Ochrony Danych Osobowych (ul. Stawki 2, 00-193<br>Warszawa).<\/p>\n\n\n\n<h3 class=\"wp-block-heading\">Dobrowolno\u015b\u0107 podania danych i zautomatyzowane przetwarzanie<\/h3>\n\n\n\n<p>Je\u017celi przetwarzanie Twoich danych osobowych odbywa si\u0119 na podstawie zgody,<br>podanie tych danych jest dobrowolne. Natomiast w sytuacji, gdy przetwarzanie<br>danych wynika z obowi\u0105zuj\u0105cych przepis\u00f3w prawa lub umowy mi\u0119dzy stronami,<br>podanie danych osobowych jest obowi\u0105zkowe.<\/p>\n\n\n\n<h3 class=\"wp-block-heading\">Zautomatyzowane przetwarzanie i profilowanie<\/h3>\n\n\n\n<p>Twoje dane osobowe mog\u0105 by\u0107 przetwarzane w spos\u00f3b zautomatyzowany, jednak<br>nie b\u0119d\u0105 podlega\u0142y profilowaniu.<\/p>\n","protected":false},"excerpt":{"rendered":"<p>Klauzula informacyjna dotycz\u0105ca przetwarzania danych osobowych wNiepublicznej Poradni Psychologiczno-Pedagogicznej \u201eLogoSens\u201d Na podstawie rozporz\u0105dzenia Parlamentu Europejskiego i Rady (UE) 2016\/679 zdnia 27 kwietnia 2016 r. w sprawie ochrony os\u00f3b fizycznych w zwi\u0105zku zprzetwarzaniem danych osobowych i w sprawie swobodnego przep\u0142ywu takichdanych oraz uchylenia dyrektywy 95\/46\/WE (og\u00f3lnego rozporz\u0105dzenia o ochroniedanych), Dz.U.UE.L.2016.119.1 (dalej: RODO) informujemy, \u017ce: Administratoremdanych osobowych [&hellip;]<\/p>\n","protected":false},"author":1,"featured_media":0,"parent":0,"menu_order":0,"comment_status":"closed","ping_status":"closed","template":"","meta":{"inline_featured_image":false,"ngg_post_thumbnail":0,"_glsr_average":0,"_glsr_ranking":0,"_glsr_reviews":0,"footnotes":""},"class_list":["post-866","page","type-page","status-publish","hentry"],"_links":{"self":[{"href":"https:\/\/logosens.biz\/index.php?rest_route=\/wp\/v2\/pages\/866","targetHints":{"allow":["GET"]}}],"collection":[{"href":"https:\/\/logosens.biz\/index.php?rest_route=\/wp\/v2\/pages"}],"about":[{"href":"https:\/\/logosens.biz\/index.php?rest_route=\/wp\/v2\/types\/page"}],"author":[{"embeddable":true,"href":"https:\/\/logosens.biz\/index.php?rest_route=\/wp\/v2\/users\/1"}],"replies":[{"embeddable":true,"href":"https:\/\/logosens.biz\/index.php?rest_route=%2Fwp%2Fv2%2Fcomments&post=866"}],"version-history":[{"count":1,"href":"https:\/\/logosens.biz\/index.php?rest_route=\/wp\/v2\/pages\/866\/revisions"}],"predecessor-version":[{"id":868,"href":"https:\/\/logosens.biz\/index.php?rest_route=\/wp\/v2\/pages\/866\/revisions\/868"}],"wp:attachment":[{"href":"https:\/\/logosens.biz\/index.php?rest_route=%2Fwp%2Fv2%2Fmedia&parent=866"}],"curies":[{"name":"wp","href":"https:\/\/api.w.org\/{rel}","templated":true}]}}