{"id":835,"date":"2024-08-09T12:42:26","date_gmt":"2024-08-09T12:42:26","guid":{"rendered":"https:\/\/logosens.biz\/?page_id=835"},"modified":"2024-08-09T12:57:24","modified_gmt":"2024-08-09T12:57:24","slug":"informacja-o-rekrutacji","status":"publish","type":"page","link":"https:\/\/logosens.biz\/?page_id=835","title":{"rendered":"Informacja o rekrutacji"},"content":{"rendered":"\n<h1 class=\"wp-block-heading\">Informacja o rekrutacji<\/h1>\n\n\n\n<h3 class=\"wp-block-heading\">Rekrutacja na rok szkolny 2024\/2025<\/h3>\n\n\n\n<p>Wnioski zapisu dziecka do Niepublicznego Przedszkola \u201eLogoSens\u201d trwaj\u0105 przez ca\u0142<br>rok w miar\u0119 wolnych miejsc.<br>Przyjmujemy dzieci kt\u00f3re uko\u0144czy\u0142y 2.5 roku \u017cycia.<\/p>\n\n\n\n<h3 class=\"wp-block-heading\">Informacje i zg\u0142oszenia:<\/h3>\n\n\n\n<p>Niepubliczne Przedszkole \u201eLogoSens\u201d z oddzia\u0142em integracyjnym w Krakowie ul.Chmieleniec 2b LU2,3 oraz e-mail logosens.krakow@gmail.com.Tel. +48537384318Niepubliczne Przedszkole \u201eLogoSens\u201d z oddzia\u0142em integracyjnym w Krakowie czynneprzez 12 miesi\u0119cy w roku, w dni robocze od poniedzia\u0142ku do pi\u0105tku w godzinach od7:00 do 17:00, z wy\u0142\u0105czeniem \u015bwi\u0105t, dni ustawowo wolnych od pracy orazdwutygodniowej przerwy wakacyjnej (ustalonej na radzie pedagogicznej corocznie wterminie od 1 do 15 lipca).<br><\/p>\n","protected":false},"excerpt":{"rendered":"<p>Informacja o rekrutacji Rekrutacja na rok szkolny 2024\/2025 Wnioski zapisu dziecka do Niepublicznego Przedszkola \u201eLogoSens\u201d trwaj\u0105 przez ca\u0142rok w miar\u0119 wolnych miejsc.Przyjmujemy dzieci kt\u00f3re uko\u0144czy\u0142y 2.5 roku \u017cycia. Informacje i zg\u0142oszenia: Niepubliczne Przedszkole \u201eLogoSens\u201d z oddzia\u0142em integracyjnym w Krakowie ul.Chmieleniec 2b LU2,3 oraz e-mail logosens.krakow@gmail.com.Tel. +48537384318Niepubliczne Przedszkole \u201eLogoSens\u201d z oddzia\u0142em integracyjnym w Krakowie czynneprzez 12 [&hellip;]<\/p>\n","protected":false},"author":1,"featured_media":0,"parent":0,"menu_order":0,"comment_status":"closed","ping_status":"closed","template":"","meta":{"inline_featured_image":false,"ngg_post_thumbnail":0,"_glsr_average":0,"_glsr_ranking":0,"_glsr_reviews":0,"footnotes":""},"class_list":["post-835","page","type-page","status-publish","hentry"],"_links":{"self":[{"href":"https:\/\/logosens.biz\/index.php?rest_route=\/wp\/v2\/pages\/835","targetHints":{"allow":["GET"]}}],"collection":[{"href":"https:\/\/logosens.biz\/index.php?rest_route=\/wp\/v2\/pages"}],"about":[{"href":"https:\/\/logosens.biz\/index.php?rest_route=\/wp\/v2\/types\/page"}],"author":[{"embeddable":true,"href":"https:\/\/logosens.biz\/index.php?rest_route=\/wp\/v2\/users\/1"}],"replies":[{"embeddable":true,"href":"https:\/\/logosens.biz\/index.php?rest_route=%2Fwp%2Fv2%2Fcomments&post=835"}],"version-history":[{"count":2,"href":"https:\/\/logosens.biz\/index.php?rest_route=\/wp\/v2\/pages\/835\/revisions"}],"predecessor-version":[{"id":847,"href":"https:\/\/logosens.biz\/index.php?rest_route=\/wp\/v2\/pages\/835\/revisions\/847"}],"wp:attachment":[{"href":"https:\/\/logosens.biz\/index.php?rest_route=%2Fwp%2Fv2%2Fmedia&parent=835"}],"curies":[{"name":"wp","href":"https:\/\/api.w.org\/{rel}","templated":true}]}}