{"id":820,"date":"2024-08-09T12:38:48","date_gmt":"2024-08-09T12:38:48","guid":{"rendered":"https:\/\/logosens.biz\/?page_id=820"},"modified":"2024-08-14T14:00:42","modified_gmt":"2024-08-14T14:00:42","slug":"gabinet-defektologii","status":"publish","type":"page","link":"https:\/\/logosens.biz\/?page_id=820","title":{"rendered":"Gabinet Defektologii"},"content":{"rendered":"\n<p>Pedagog Specjalny (defektolog) to specjalista zajmuj\u0105cy si\u0119 diagnozowaniem i<br>wspieraniem dzieci z trudno\u015bciami rozwojowymi i behawioralnymi oraz prac\u0105 z<br>dzie\u0107mi niepe\u0142nosprawnymi. \u0141\u0105czy wiedz\u0119 z medycyny i pedagogiki, obejmuj\u0105c<br>zadania typowe dla nast\u0119puj\u0105cych zawod\u00f3w:<\/p>\n\n\n\n<div class=\"wp-block-group is-nowrap is-layout-flex wp-container-core-group-is-layout-ad2f72ca wp-block-group-is-layout-flex\">\n<ul class=\"wp-block-list\">\n<li>Logopeda<\/li>\n\n\n\n<li>Nauczyciel dzieci nies\u0142ysz\u0105cych<\/li>\n\n\n\n<li>Oligofrenopedagog<\/li>\n\n\n\n<li>Tyflopedagog<\/li>\n<\/ul>\n\n\n\n<figure class=\"wp-block-image size-full is-resized\"><img loading=\"lazy\" decoding=\"async\" width=\"800\" height=\"956\" src=\"https:\/\/logosens.biz\/wp-content\/uploads\/2024\/08\/LogoSens-print-in-size-04.png\" alt=\"\" class=\"wp-image-859\" style=\"width:164px;height:auto\" srcset=\"https:\/\/logosens.biz\/wp-content\/uploads\/2024\/08\/LogoSens-print-in-size-04.png 800w, https:\/\/logosens.biz\/wp-content\/uploads\/2024\/08\/LogoSens-print-in-size-04-251x300.png 251w, https:\/\/logosens.biz\/wp-content\/uploads\/2024\/08\/LogoSens-print-in-size-04-768x918.png 768w\" sizes=\"auto, (max-width: 800px) 100vw, 800px\" \/><\/figure>\n<\/div>\n\n\n\n<p>W roli logopedy, defektolog pracuje z dzie\u0107mi z zaburzeniami mowy i b\u0142\u0119dami w<br>wymowie. W zakresie pedagogiki g\u0142uchych i tyf\u0142opedagogiki, specjalista rozwija<br>zaj\u0119cia dla dzieci z wadami s\u0142uchu i wzroku. Oligofrenopedagogika koncentruje si\u0119<br>na wsparciu dzieci o r\u00f3\u017cnym poziomie rozwoju intelektualnego.<\/p>\n\n\n\n<p>Do zada\u0144 defektologa nale\u017cy:<\/p>\n\n\n\n<ul class=\"wp-block-list\">\n<li>Diagnozowanie problem\u00f3w na wniosek wychowawcy lub nauczyciela.<\/li>\n\n\n\n<li>Identyfikacja trudno\u015bci wynikaj\u0105cych z braku terminowej pomocy.<\/li>\n\n\n\n<li>Opracowanie indywidualnych lub grupowych program\u00f3w poprawiaj\u0105cych<br>zachowanie i rozw\u00f3j.<\/li>\n\n\n\n<li>Realizacja programu szkoleniowego w ramach orientacji indywidualnej lub<br>grupowej.<\/li>\n\n\n\n<li>Monitorowanie post\u0119p\u00f3w i skuteczno\u015bci dzia\u0142a\u0144 korekcyjnych.<\/li>\n\n\n\n<li>Wsp\u00f3\u0142praca i konsultacje z nauczycielami i rodzicami dziecka.<\/li>\n<\/ul>\n\n\n\n<p>Jego praca obejmuje rozw\u00f3j my\u015blenia przestrzennego, sensorycznego i<br>sensomotorycznego, wzbogacanie s\u0142ownictwa oraz kszta\u0142towanie umiej\u0119tno\u015bci, co<br>przyczynia si\u0119 do eliminacji problem\u00f3w edukacyjnych.<\/p>\n","protected":false},"excerpt":{"rendered":"<p>Pedagog Specjalny (defektolog) to specjalista zajmuj\u0105cy si\u0119 diagnozowaniem iwspieraniem dzieci z trudno\u015bciami rozwojowymi i behawioralnymi oraz prac\u0105 zdzie\u0107mi niepe\u0142nosprawnymi. \u0141\u0105czy wiedz\u0119 z medycyny i pedagogiki, obejmuj\u0105czadania typowe dla nast\u0119puj\u0105cych zawod\u00f3w: W roli logopedy, defektolog pracuje z dzie\u0107mi z zaburzeniami mowy i b\u0142\u0119dami wwymowie. W zakresie pedagogiki g\u0142uchych i tyf\u0142opedagogiki, specjalista rozwijazaj\u0119cia dla dzieci z wadami [&hellip;]<\/p>\n","protected":false},"author":1,"featured_media":0,"parent":0,"menu_order":0,"comment_status":"closed","ping_status":"closed","template":"","meta":{"inline_featured_image":false,"ngg_post_thumbnail":0,"_glsr_average":0,"_glsr_ranking":0,"_glsr_reviews":0,"footnotes":""},"class_list":["post-820","page","type-page","status-publish","hentry"],"_links":{"self":[{"href":"https:\/\/logosens.biz\/index.php?rest_route=\/wp\/v2\/pages\/820","targetHints":{"allow":["GET"]}}],"collection":[{"href":"https:\/\/logosens.biz\/index.php?rest_route=\/wp\/v2\/pages"}],"about":[{"href":"https:\/\/logosens.biz\/index.php?rest_route=\/wp\/v2\/types\/page"}],"author":[{"embeddable":true,"href":"https:\/\/logosens.biz\/index.php?rest_route=\/wp\/v2\/users\/1"}],"replies":[{"embeddable":true,"href":"https:\/\/logosens.biz\/index.php?rest_route=%2Fwp%2Fv2%2Fcomments&post=820"}],"version-history":[{"count":3,"href":"https:\/\/logosens.biz\/index.php?rest_route=\/wp\/v2\/pages\/820\/revisions"}],"predecessor-version":[{"id":917,"href":"https:\/\/logosens.biz\/index.php?rest_route=\/wp\/v2\/pages\/820\/revisions\/917"}],"wp:attachment":[{"href":"https:\/\/logosens.biz\/index.php?rest_route=%2Fwp%2Fv2%2Fmedia&parent=820"}],"curies":[{"name":"wp","href":"https:\/\/api.w.org\/{rel}","templated":true}]}}