{"id":814,"date":"2024-08-09T12:38:17","date_gmt":"2024-08-09T12:38:17","guid":{"rendered":"https:\/\/logosens.biz\/?page_id=814"},"modified":"2024-08-14T13:58:44","modified_gmt":"2024-08-14T13:58:44","slug":"gabinet-sensoryczny","status":"publish","type":"page","link":"https:\/\/logosens.biz\/?page_id=814","title":{"rendered":"Gabinet Sensoryczny"},"content":{"rendered":"\n<div class=\"wp-block-group is-nowrap is-layout-flex wp-container-core-group-is-layout-ad2f72ca wp-block-group-is-layout-flex\">\n<p>Gabinet integracji sensorycznej w poradnie psychologiczno-pedagogicznej<br>\u201eLogoSens\u201d s\u0105 kluczowym miejscem terapii dla os\u00f3b z zaburzeniami sensorycznymi.<br>Te specjalnie zaprojektowane przestrzenie dostarczaj\u0105 bod\u017ac\u00f3w wspieraj\u0105cych<br>rozw\u00f3j sensoryczny.<br>Terapia sensoryczna to zbi\u00f3r \u0107wicze\u0144 i dzia\u0142a\u0144 maj\u0105cych na celu popraw\u0119 integracji<br>sensorycznej dziecka, czyli zdolno\u015bci do efektywnego odbierania i organizowania<br>wra\u017ce\u0144 zmys\u0142owych. Dzieci z zaburzeniami integracji sensorycznej mog\u0105 mie\u0107<br>trudno\u015bci z przetwarzaniem bod\u017ac\u00f3w zewn\u0119trznych, co mo\u017ce prowadzi\u0107 do reakcji<br>takich jak l\u0119k, agresja, nadpobudliwo\u015b\u0107 ruchowa lub wycofanie si\u0119 w celu unikni\u0119cia<br>nieprzyjemnych dozna\u0144.<br>Celem terapii sensorycznej jest nie tylko poprawa zdolno\u015bci przetwarzania bod\u017ac\u00f3w<br>zmys\u0142owych, ale tak\u017ce uczynienie z terapii przyjemnej zabawy, aby dziecko mog\u0142o<br>lepiej \u201eoswoi\u0107\u201d \u015bwiat zewn\u0119trzny, bez obaw i unikania bod\u017ac\u00f3w.<\/p>\n\n\n\n<figure class=\"wp-block-image size-full is-resized\"><img loading=\"lazy\" decoding=\"async\" width=\"800\" height=\"836\" src=\"https:\/\/logosens.biz\/wp-content\/uploads\/2024\/08\/LogoSens-print-in-size-01.png\" alt=\"\" class=\"wp-image-862\" style=\"width:278px;height:auto\" srcset=\"https:\/\/logosens.biz\/wp-content\/uploads\/2024\/08\/LogoSens-print-in-size-01.png 800w, https:\/\/logosens.biz\/wp-content\/uploads\/2024\/08\/LogoSens-print-in-size-01-287x300.png 287w, https:\/\/logosens.biz\/wp-content\/uploads\/2024\/08\/LogoSens-print-in-size-01-768x803.png 768w\" sizes=\"auto, (max-width: 800px) 100vw, 800px\" \/><\/figure>\n<\/div>\n\n\n\n<h3 class=\"wp-block-heading\">Metoda Terapii Integracji Sensorycznej jest skierowana do dzieci:<\/h3>\n\n\n\n<ul class=\"wp-block-list\">\n<li>z problemami z koncentracj\u0105 uwagi,<\/li>\n\n\n\n<li>z nadmiern\u0105 aktywno\u015bci\u0105 ruchow\u0105,<\/li>\n\n\n\n<li>z op\u00f3\u017anionym rozwojem mowy,<\/li>\n\n\n\n<li>z trudno\u015bciami w nauce nowych umiej\u0119tno\u015bci ruchowych,<\/li>\n\n\n\n<li>z k\u0142opotami w nauce umiej\u0119tno\u015bci samoobs\u0142ugowych,<\/li>\n\n\n\n<li>z nieprawid\u0142ow\u0105 wra\u017cliwo\u015bci\u0105 na smaki, zapachy, d\u017awi\u0119ki, bod\u017ace dotykowe i wzrokowe,<\/li>\n\n\n\n<li>z trudno\u015bciami w kontaktach z r\u00f3wie\u015bnikami,<\/li>\n\n\n\n<li>z problemami z koordynacj\u0105 ruchow\u0105,<\/li>\n\n\n\n<li>z problemami emocjonalnymi,<\/li>\n\n\n\n<li>w spektrum autyzmu.<\/li>\n<\/ul>\n\n\n\n<p>Zaj\u0119cia terapii sensorycznej odbywaj\u0105 si\u0119 w specjalnie przystosowanej sali i<br>zazwyczaj trwaj\u0105 45 minut.<br>Efekty terapii sensorycznej mog\u0105 by\u0107 widoczne ju\u017c po kilku-kilkunastu sesjach, ale<br>cz\u0119sto pe\u0142ne rezultaty wymagaj\u0105 oko\u0142o roku. Dzieci uczestnicz\u0105ce w terapii<br>sensorycznej zazwyczaj lepiej rozwijaj\u0105 si\u0119 psychoruchowo, skuteczniej integruj\u0105<br>bod\u017ace zewn\u0119trzne, a ich reakcje na nowe sytuacje staj\u0105 si\u0119 mniej agresywne.<br>Zmniejsza si\u0119 nadpobudliwo\u015b\u0107, poprawia si\u0119 zdolno\u015b\u0107 komunikacji, interakcje z<br>otoczeniem oraz koordynacja ruchowa i r\u00f3wnowaga. Dzieci ucz\u0105 si\u0119 tak\u017ce lepiej<br>koncentrowa\u0107 na jednej czynno\u015bci przez d\u0142u\u017cszy czas, co zmniejsza rozproszenie<br>uwagi i poprawia og\u00f3lne funkcjonowanie.<\/p>\n","protected":false},"excerpt":{"rendered":"<p>Gabinet integracji sensorycznej w poradnie psychologiczno-pedagogicznej\u201eLogoSens\u201d s\u0105 kluczowym miejscem terapii dla os\u00f3b z zaburzeniami sensorycznymi.Te specjalnie zaprojektowane przestrzenie dostarczaj\u0105 bod\u017ac\u00f3w wspieraj\u0105cychrozw\u00f3j sensoryczny.Terapia sensoryczna to zbi\u00f3r \u0107wicze\u0144 i dzia\u0142a\u0144 maj\u0105cych na celu popraw\u0119 integracjisensorycznej dziecka, czyli zdolno\u015bci do efektywnego odbierania i organizowaniawra\u017ce\u0144 zmys\u0142owych. Dzieci z zaburzeniami integracji sensorycznej mog\u0105 mie\u0107trudno\u015bci z przetwarzaniem bod\u017ac\u00f3w zewn\u0119trznych, co mo\u017ce [&hellip;]<\/p>\n","protected":false},"author":1,"featured_media":0,"parent":0,"menu_order":0,"comment_status":"closed","ping_status":"closed","template":"","meta":{"inline_featured_image":false,"ngg_post_thumbnail":0,"_glsr_average":0,"_glsr_ranking":0,"_glsr_reviews":0,"footnotes":""},"class_list":["post-814","page","type-page","status-publish","hentry"],"_links":{"self":[{"href":"https:\/\/logosens.biz\/index.php?rest_route=\/wp\/v2\/pages\/814","targetHints":{"allow":["GET"]}}],"collection":[{"href":"https:\/\/logosens.biz\/index.php?rest_route=\/wp\/v2\/pages"}],"about":[{"href":"https:\/\/logosens.biz\/index.php?rest_route=\/wp\/v2\/types\/page"}],"author":[{"embeddable":true,"href":"https:\/\/logosens.biz\/index.php?rest_route=\/wp\/v2\/users\/1"}],"replies":[{"embeddable":true,"href":"https:\/\/logosens.biz\/index.php?rest_route=%2Fwp%2Fv2%2Fcomments&post=814"}],"version-history":[{"count":4,"href":"https:\/\/logosens.biz\/index.php?rest_route=\/wp\/v2\/pages\/814\/revisions"}],"predecessor-version":[{"id":915,"href":"https:\/\/logosens.biz\/index.php?rest_route=\/wp\/v2\/pages\/814\/revisions\/915"}],"wp:attachment":[{"href":"https:\/\/logosens.biz\/index.php?rest_route=%2Fwp%2Fv2%2Fmedia&parent=814"}],"curies":[{"name":"wp","href":"https:\/\/api.w.org\/{rel}","templated":true}]}}