{"id":808,"date":"2024-08-09T12:36:45","date_gmt":"2024-08-09T12:36:45","guid":{"rendered":"https:\/\/logosens.biz\/?page_id=808"},"modified":"2024-08-14T13:51:48","modified_gmt":"2024-08-14T13:51:48","slug":"o-nas-2","status":"publish","type":"page","link":"https:\/\/logosens.biz\/?page_id=808","title":{"rendered":"O nas Poradnia"},"content":{"rendered":"\n<h3 class=\"wp-block-heading\">Niepubliczna Poradnia Psychologiczno \u2013 Pedagogiczna \u201eLogoSens\u201d.<\/h3>\n\n\n\n<p>Nasza plac\u00f3wka zosta\u0142a stworzona z my\u015bl\u0105 o udzielaniu wsparcia w pokonywaniu<br>r\u00f3\u017cnorodnych trudno\u015bci. Wykorzystujemy szeroki wachlarz metod oraz nowoczesne<br>oprogramowanie, kt\u00f3re pomagaj\u0105 w prze\u0142amywaniu barier. Oferujemy pomoc<br>osobom z problemami w nauce, trudno\u015bciami spo\u0142ecznymi, zespo\u0142em<br>nadpobudliwo\u015bci psychoruchowej z deficytem uwagi (ADHD) oraz innymi<br>wyzwaniami. Organizujemy r\u00f3\u017cnorodne zaj\u0119cia, maj\u0105ce na celu wsparcie w<br>przezwyci\u0119\u017ceniu konkretnych problem\u00f3w.<\/p>\n\n\n\n<h3 class=\"wp-block-heading\">Cele Poradni<\/h3>\n\n\n\n<p>Poradnia oferuje dzieciom i m\u0142odzie\u017cy wsparcie psychologiczno-pedagogiczne,<br>rehabilitacyjne oraz rewalidacyjne. Rodzicom i nauczycielom zapewnia pomoc<br>psychologiczno-pedagogiczn\u0105 i terapeutyczn\u0105 w kwestiach wychowawczych i<br>edukacyjnych. Wspiera tak\u017ce przedszkola, szko\u0142y i plac\u00f3wki w realizacji zada\u0144<br>dydaktycznych, wychowawczych, terapeutycznych i opieku\u0144czych, a tak\u017ce prowadzi<br>wczesne wspomaganie rozwoju.<\/p>\n\n\n\n<h3 class=\"wp-block-heading\">Zadania Poradni<\/h3>\n\n\n\n<ol class=\"wp-block-list\">\n<li>Diagnoza dzieci i m\u0142odzie\u017cy: Poradnia przeprowadza diagnozy psychologiczne,<br>pedagogiczne, logopedyczne oraz oceny proces\u00f3w integracji sensorycznej.<br>Diagnozuje r\u00f3wnie\u017c potrzeby edukacyjne oraz zaburzenia rozwojowe, a tak\u017ce<br>identyfikuje potencjalne mo\u017cliwo\u015bci i mocne strony dzieci.<\/li>\n\n\n\n<li>Bezpo\u015brednia pomoc: Dzieci, m\u0142odzie\u017c oraz ich rodzice mog\u0105 skorzysta\u0107 z<br>bezpo\u015bredniej pomocy psychologiczno-pedagogicznej, wczesnego wspomagania<br>rozwoju, rehabilitacji i rewalidacji. Poradnia oferuje r\u00f3wnie\u017c coaching rodzicielski.<\/li>\n\n\n\n<li>Realizacja zada\u0144 profilaktycznych i wspieraj\u0105cych: Poradnia wspiera przedszkola,<br>szko\u0142y i plac\u00f3wki w ich funkcjach wychowawczych i edukacyjnych, w tym pomaga<br>nauczycielom w rozwi\u0105zywaniu problem\u00f3w dydaktycznych i wychowawczych.<\/li>\n\n\n\n<li>Wspomaganie instytucji edukacyjnych: Poradnia organizuje i prowadzi wsparcie<br>dla przedszkoli, szk\u00f3\u0142 i plac\u00f3wek w realizacji zada\u0144 dydaktycznych, wychowawczych<br>i opieku\u0144czych.<\/li>\n<\/ol>\n\n\n\n<h3 class=\"wp-block-heading\">Formy Pomocy<\/h3>\n\n\n\n<p>Pomoc w Poradni jest udzielana w r\u00f3\u017cnych formach, takich jak:<\/p>\n\n\n\n<ul class=\"wp-block-list\">\n<li>Indywidualne i grupowe zaj\u0119cia terapeutyczne dla dzieci i m\u0142odzie\u017cy,<\/li>\n\n\n\n<li>Terapia rodzinna,<\/li>\n\n\n\n<li>Grupy wsparcia,<\/li>\n\n\n\n<li>Wszechstronna diagnoza funkcjonalna,<\/li>\n\n\n\n<li>Warsztaty,<\/li>\n\n\n\n<li>Porady i konsultacje,<\/li>\n\n\n\n<li>Wyk\u0142ady i prelekcje.<\/li>\n<\/ul>\n\n\n\n<h3 class=\"wp-block-heading\">Wsp\u00f3\u0142praca<\/h3>\n\n\n\n<p>Zadania realizowane s\u0105 we wsp\u00f3\u0142pracy z:<\/p>\n\n\n\n<ul class=\"wp-block-list\">\n<li>Rodzicami,<\/li>\n\n\n\n<li>Nauczycielami przedszkoli, szk\u00f3\u0142 i plac\u00f3wek,<\/li>\n\n\n\n<li>Pracownikami Poradni oraz lekarzami,<\/li>\n\n\n\n<li>Innymi poradniami psychologiczno-pedagogicznymi i instytucjami.<\/li>\n<\/ul>\n\n\n\n<h3 class=\"wp-block-heading\">Diagnoza<\/h3>\n\n\n\n<p>Diagnozowanie dzieci i m\u0142odzie\u017cy s\u0142u\u017cy okre\u015bleniu ich indywidualnych potrzeb<br>rozwojowych i edukacyjnych oraz mo\u017cliwo\u015bci psychofizycznych. Analizowane s\u0105<br>mechanizmy funkcjonowania dziecka w kontek\u015bcie zg\u0142aszanego problemu, a tak\u017ce<br>wskazywane s\u0105 sposoby jego rozwi\u0105zania.<\/p>\n\n\n\n<h3 class=\"wp-block-heading\">Wydawanie Opinii<\/h3>\n\n\n\n<p>Poradnia wydaje opinie w zakresie:<\/p>\n\n\n\n<ul class=\"wp-block-list\">\n<li>Potrzeby wczesnego wspomagania,<\/li>\n\n\n\n<li>Dostosowania wymaga\u0144 do potrzeb i mo\u017cliwo\u015bci dziecka,<\/li>\n\n\n\n<li>Poziomu funkcjonowania dziecka (opinie psychologiczno-pedagogiczne),<\/li>\n\n\n\n<li>Innych zagadnie\u0144, zgodnie z potrzebami dziecka.<\/li>\n<\/ul>\n\n\n\n<p>Opinie wydawane s\u0105 na wniosek rodzic\u00f3w, a je\u015bli do ich wydania konieczne s\u0105<br>badania lekarskie, wnioskodawca musi dostarczy\u0107 za\u015bwiadczenie lekarskie o stanie<br>zdrowia dziecka.<\/p>\n","protected":false},"excerpt":{"rendered":"<p>Niepubliczna Poradnia Psychologiczno \u2013 Pedagogiczna \u201eLogoSens\u201d. Nasza plac\u00f3wka zosta\u0142a stworzona z my\u015bl\u0105 o udzielaniu wsparcia w pokonywaniur\u00f3\u017cnorodnych trudno\u015bci. Wykorzystujemy szeroki wachlarz metod oraz nowoczesneoprogramowanie, kt\u00f3re pomagaj\u0105 w prze\u0142amywaniu barier. Oferujemy pomocosobom z problemami w nauce, trudno\u015bciami spo\u0142ecznymi, zespo\u0142emnadpobudliwo\u015bci psychoruchowej z deficytem uwagi (ADHD) oraz innymiwyzwaniami. Organizujemy r\u00f3\u017cnorodne zaj\u0119cia, maj\u0105ce na celu wsparcie wprzezwyci\u0119\u017ceniu konkretnych problem\u00f3w. [&hellip;]<\/p>\n","protected":false},"author":1,"featured_media":0,"parent":0,"menu_order":0,"comment_status":"closed","ping_status":"closed","template":"","meta":{"inline_featured_image":false,"ngg_post_thumbnail":0,"_glsr_average":0,"_glsr_ranking":0,"_glsr_reviews":0,"footnotes":""},"class_list":["post-808","page","type-page","status-publish","hentry"],"_links":{"self":[{"href":"https:\/\/logosens.biz\/index.php?rest_route=\/wp\/v2\/pages\/808","targetHints":{"allow":["GET"]}}],"collection":[{"href":"https:\/\/logosens.biz\/index.php?rest_route=\/wp\/v2\/pages"}],"about":[{"href":"https:\/\/logosens.biz\/index.php?rest_route=\/wp\/v2\/types\/page"}],"author":[{"embeddable":true,"href":"https:\/\/logosens.biz\/index.php?rest_route=\/wp\/v2\/users\/1"}],"replies":[{"embeddable":true,"href":"https:\/\/logosens.biz\/index.php?rest_route=%2Fwp%2Fv2%2Fcomments&post=808"}],"version-history":[{"count":2,"href":"https:\/\/logosens.biz\/index.php?rest_route=\/wp\/v2\/pages\/808\/revisions"}],"predecessor-version":[{"id":909,"href":"https:\/\/logosens.biz\/index.php?rest_route=\/wp\/v2\/pages\/808\/revisions\/909"}],"wp:attachment":[{"href":"https:\/\/logosens.biz\/index.php?rest_route=%2Fwp%2Fv2%2Fmedia&parent=808"}],"curies":[{"name":"wp","href":"https:\/\/api.w.org\/{rel}","templated":true}]}}