{"id":718,"date":"2024-07-08T07:00:07","date_gmt":"2024-07-08T07:00:07","guid":{"rendered":"https:\/\/logosens.biz\/?page_id=718"},"modified":"2024-08-23T06:12:32","modified_gmt":"2024-08-23T06:12:32","slug":"i","status":"publish","type":"page","link":"https:\/\/logosens.biz\/","title":{"rendered":"Index PL"},"content":{"rendered":"\n<div class=\"wp-block-group\"><div class=\"wp-block-group__inner-container is-layout-constrained wp-block-group-is-layout-constrained\">\n<div class=\"wp-block-group\"><div class=\"wp-block-group__inner-container is-layout-constrained wp-block-group-is-layout-constrained\">\n<div class=\"encourage-to-book container-max-width\">\n<div class=\"container-front-page container margin-top-0\">\n<div class=\"kid-with-background\">&nbsp;<\/div>\n<div class=\"book-now-free-hour no-background\">\n<div class=\"book-advertise\">\n<div class=\"details\">\n<div class=\"advertise-explanation\">\n<h1 dir=\"ltr\" data-placeholder=\"\u041f\u0435\u0440\u0435\u0432\u043e\u0434\" aria-label=\"\u041f\u0435\u0440\u0435\u043a\u043b\u0430\u0434\u0435\u043d\u0438\u0439 \u0442\u0435\u043a\u0441\u0442\" data-ved=\"2ahUKEwjJ3KmWsdaGAxWIIBAIHR99DvMQ3ewLegQIBRAU\">Logosens<\/h1>\n<p id=\"tw-target-text\" class=\"tw-data-text tw-text-large tw-ta\" dir=\"ltr\" data-placeholder=\"\u041f\u0435\u0440\u0435\u0432\u043e\u0434\" aria-label=\"\u041f\u0435\u0440\u0435\u0432\u0435\u0434\u0435\u043d\u043d\u044b\u0439 \u0442\u0435\u043a\u0441\u0442\" data-ved=\"2ahUKEwiPhpSwy5mHAxXNcvEDHSRqDosQ3ewLegQIBRAU\"><span class=\"Y2IQFc\" lang=\"pl\">Zapisy do przedszkoli trwaj\u0105 przez ca\u0142y rok, w miar\u0119 wolnych miejsc. Przyjmujemy dzieci od 2,5 roku \u017cycia<\/span><\/p>\n<p id=\"tw-target-text\" class=\"tw-data-text tw-text-large tw-ta\" dir=\"ltr\" data-placeholder=\"\u041f\u0435\u0440\u0435\u0432\u043e\u0434\" aria-label=\"\u041f\u0435\u0440\u0435\u043a\u043b\u0430\u0434\u0435\u043d\u0438\u0439 \u0442\u0435\u043a\u0441\u0442\" data-ved=\"2ahUKEwjJ3KmWsdaGAxWIIBAIHR99DvMQ3ewLegQIBRAU\">Przedszkole czynne jest 12 miesi\u0119cy w roku w dni powszednie od poniedzia\u0142ku do pi\u0105tku w godzinach 7:00 \u2013 18:00*<\/p>\n<pre id=\"tw-target-text\" class=\"tw-data-text tw-text-large tw-ta\" dir=\"ltr\" data-placeholder=\"\u041f\u0435\u0440\u0435\u0432\u043e\u0434\" aria-label=\"\u041f\u0435\u0440\u0435\u043a\u043b\u0430\u0434\u0435\u043d\u0438\u0439 \u0442\u0435\u043a\u0441\u0442\" data-ved=\"2ahUKEwjJ3KmWsdaGAxWIIBAIHR99DvMQ3ewLegQIBRAU\">&nbsp;<\/pre>\n<pre id=\"tw-target-text\" class=\"tw-data-text tw-text-large tw-ta\" dir=\"ltr\" data-placeholder=\"\u041f\u0435\u0440\u0435\u0432\u043e\u0434\" aria-label=\"\u041f\u0435\u0440\u0435\u043a\u043b\u0430\u0434\u0435\u043d\u0438\u0439 \u0442\u0435\u043a\u0441\u0442\" data-ved=\"2ahUKEwjJ3KmWsdaGAxWIIBAIHR99DvMQ3ewLegQIBRAU\">&nbsp;<\/pre>\n<\/div>\n<p><button id=\"send_request\" class=\"cta\" data-toggle=\"modal\" data-target=\"#send_request_modal\">z\u0142\u00f3\u017c wniosek o godzin\u0119 pr\u00f3bn\u0105<\/button><\/p>\n<div class=\"free-places\">&nbsp;<\/div>\n<div>&nbsp;<\/div>\n<\/div>\n<\/div>\n<\/div>\n<\/div>\n<\/div>\n<div class=\"advantages container-max-width\">\n<div class=\"container-front-page container\">\n<div class=\"row\">\n<div class=\"col-12\">\n<h1>Zalety<\/h1>\n<\/div>\n<\/div>\n<div class=\"row list\">\n<div class=\"col-3\"><img decoding=\"async\" src=\"https:\/\/logosens.biz\/wp-content\/themes\/kindergarden\/images\/icons\/advantage-2.svg\">\n<div><span style=\"vertical-align: inherit;\"><span style=\"vertical-align: inherit;\"><span style=\"vertical-align: inherit;\"><span style=\"vertical-align: inherit;\">Zmys\u0142 w\u0119chu, jeden z pi\u0119ciu podstawowych zmys\u0142\u00f3w, umo\u017cliwia rozpoznawanie\nzapach\u00f3w. Dzi\u0119ki niemu cieszymy si\u0119 aromatami jedzenia, wykrywamy niebezpieczne\nsubstancje jak dym czy chemikalia oraz tworzymy emocjonalne wi\u0119zi z miejscami i\nlud\u017ami poprzez zapachy.<\/span><\/span><\/span><\/span><\/div>\n<\/div>\n<div class=\"col-3\"><img decoding=\"async\" src=\"https:\/\/logosens.biz\/wp-content\/themes\/kindergarden\/images\/icons\/advantage-3.svg\">\n<div><span style=\"vertical-align: inherit;\"><span style=\"vertical-align: inherit;\"><span style=\"vertical-align: inherit;\"><span style=\"vertical-align: inherit;\">Zmys\u0142 wzroku, jeden z kluczowych zmys\u0142\u00f3w, pozwala nam postrzega\u0107 \u015bwiat w formie\nobraz\u00f3w. Dzi\u0119ki niemu rozpoznajemy kszta\u0142ty, kolory, ruch, odleg\u0142o\u015b\u0107 i g\u0142\u0119bi\u0119, co\numo\u017cliwia orientacj\u0119 w przestrzeni, identyfikacj\u0119 ludzi i obiekt\u00f3w oraz odczuwanie\nestetyki i pi\u0119kna.<\/span><\/span><\/span><\/span><\/div>\n<\/div>\n<div class=\"col-3\"><img decoding=\"async\" src=\"https:\/\/logosens.biz\/wp-content\/themes\/kindergarden\/images\/icons\/advantage-4.svg\">\n<div><span style=\"vertical-align: inherit;\"><span style=\"vertical-align: inherit;\"><span style=\"vertical-align: inherit;\"><span style=\"vertical-align: inherit;\">Zmys\u0142 s\u0142uchu to jeden z pi\u0119ciu podstawowych zmys\u0142\u00f3w, umo\u017cliwiaj\u0105cy odbieranie\nd\u017awi\u0119k\u00f3w z otoczenia. Dzi\u0119ki niemu rozpoznajemy mow\u0119, muzyk\u0119, odg\u0142osy natury oraz\nd\u017awi\u0119ki mechaniczne. S\u0142uch jest kluczowy dla komunikacji, orientacji przestrzennej i\nodbioru emocji wyra\u017canych g\u0142osem.<\/span><\/span><\/span><\/span><\/div>\n<\/div>\n<div class=\"col-3\"><img decoding=\"async\" src=\"https:\/\/logosens.biz\/wp-content\/themes\/kindergarden\/images\/icons\/advantage-5.svg\">\n<div><span style=\"vertical-align: inherit;\"><span style=\"vertical-align: inherit;\"><span style=\"vertical-align: inherit;\"><span style=\"vertical-align: inherit;\">S\u0142uch pozwala na rozpoznawanie wysoko\u015bci, g\u0142o\u015bno\u015bci i barwy d\u017awi\u0119k\u00f3w, co jest\nniezb\u0119dne dla zrozumienia mowy, rozpoznawania melodii czy lokalizowania \u017ar\u00f3d\u0142a\nd\u017awi\u0119ku.<\/span><\/span><\/span><\/span><\/div>\n<\/div>\n<div class=\"col-3\"><img decoding=\"async\" src=\"https:\/\/logosens.biz\/wp-content\/themes\/kindergarden\/images\/icons\/advantage-6.svg\">\n<div><span style=\"vertical-align: inherit;\"><span style=\"vertical-align: inherit;\"><span style=\"vertical-align: inherit;\"><span style=\"vertical-align: inherit;\">Zmys\u0142 smaku to jeden z pi\u0119ciu podstawowych zmys\u0142\u00f3w, pozwalaj\u0105cy rozr\u00f3\u017cnia\u0107 smaki\npochodz\u0105ce z chemicznych substancji w jedzeniu i napojach. Dzi\u0119ki niemu czerpiemy\nprzyjemno\u015b\u0107 z jedzenia i rozpoznajemy potencjalnie szkodliwe substancje.<\/span><\/span><\/span><\/span><\/div>\n<\/div>\n<div class=\"col-3\"><img decoding=\"async\" src=\"https:\/\/logosens.biz\/wp-content\/themes\/kindergarden\/images\/icons\/advantage-7.svg\">\n<div><span style=\"vertical-align: inherit;\"><span style=\"vertical-align: inherit;\"><span style=\"vertical-align: inherit;\"><span style=\"vertical-align: inherit;\">Zmys\u0142 w\u0119chu jest zatem nie tylko narz\u0119dziem do cieszenia si\u0119 przyjemnymi aromatami,\nale tak\u017ce kluczowym elementem dla zdrowia, bezpiecze\u0144stwa i emocjonalnego\ndobrostanu.<\/span><\/span><\/span><\/span><\/div>\n<\/div>\n<div class=\"col-3\"><img decoding=\"async\" src=\"https:\/\/logosens.biz\/wp-content\/themes\/kindergarden\/images\/icons\/advantage-8.svg\">\n<div><span style=\"vertical-align: inherit;\"><span style=\"vertical-align: inherit;\"><span style=\"vertical-align: inherit;\"><span style=\"vertical-align: inherit;\">Wzrok jest zatem fundamentalnym zmys\u0142em, kt\u00f3ry pozwala na pe\u0142ne do\u015bwiadczenie\n\u015bwiata i jego r\u00f3\u017cnorodno\u015bci.<\/span><\/span><\/span><\/span><\/div>\n<\/div>\n<\/div>\n<\/div>\n<\/div>\n<\/div><\/div>\n<\/div><\/div>\n\n\n\n<div><iframe src=\"https:\/\/maps.google.com\/maps?q=Krakow&amp;z=13&amp;t=m&amp;output=embed\" style=\"border:0;height:300px;width:100%\"><\/iframe><\/div>\n\n\n\n<div class=\"wp-block-contact-form-7-contact-form-selector\">\n<div class=\"wpcf7 no-js\" id=\"wpcf7-f8-o1\" lang=\"\" dir=\"ltr\" data-wpcf7-id=\"8\">\n<div class=\"screen-reader-response\"><p role=\"status\" aria-live=\"polite\" aria-atomic=\"true\"><\/p> <ul><\/ul><\/div>\n<form action=\"\/index.php?rest_route=%2Fwp%2Fv2%2Fpages%2F718#wpcf7-f8-o1\" method=\"post\" class=\"wpcf7-form init\" aria-label=\"Formularz kontaktowy\" novalidate=\"novalidate\" data-status=\"init\">\n<fieldset class=\"hidden-fields-container\"><input type=\"hidden\" name=\"_wpcf7\" value=\"8\" \/><input type=\"hidden\" name=\"_wpcf7_version\" value=\"6.1.5\" \/><input type=\"hidden\" name=\"_wpcf7_locale\" value=\"\" \/><input type=\"hidden\" name=\"_wpcf7_unit_tag\" value=\"wpcf7-f8-o1\" \/><input type=\"hidden\" name=\"_wpcf7_container_post\" value=\"0\" \/><input type=\"hidden\" name=\"_wpcf7_posted_data_hash\" value=\"\" \/>\n<\/fieldset>\n<div class=\"book-now-free-hour container-max-width\">\n\t<div class=\"container-front-page container\">\n\t\t<div class=\"row\">\n\t\t\t<div class=\"col-12\">\n\t\t\t\t<div class=\"container-front-page container margin-top-0\">\n\t\t\t\t<\/div>\n\t\t\t\t<div class=\"book-now-free-hour container-max-width\">\n\t\t\t\t\t<div class=\"container-front-page container\">\n\t\t\t\t\t\t<div class=\"send-request-form form\">\n\t\t\t\t\t\t\t<div class=\"row\">\n\t\t\t\t\t\t\t\t<div class=\"col-12 col-md-6\">\n\t\t\t\t\t\t\t\t\t<div class=\"form-group \">\n\t\t\t\t\t\t\t\t\t\t<p><label for=\"your-name\">your-name<\/label><br \/>\n<span class=\"wpcf7-form-control-wrap\" data-name=\"your_name\"><input size=\"40\" maxlength=\"400\" class=\"wpcf7-form-control wpcf7-text form-control\" id=\"your-name\" aria-invalid=\"false\" value=\"\" type=\"text\" name=\"your_name\" \/><\/span>\n\t\t\t\t\t\t\t\t\t\t<\/p>\n\t\t\t\t\t\t\t\t\t<\/div>\n\t\t\t\t\t\t\t\t\t<div class=\"form-group \">\n\t\t\t\t\t\t\t\t\t\t<p><label for=\"your-phone\">your-phone<\/label><br \/>\n<span class=\"wpcf7-form-control-wrap\" data-name=\"your_phone\"><input size=\"40\" maxlength=\"400\" class=\"wpcf7-form-control wpcf7-tel wpcf7-validates-as-required wpcf7-text wpcf7-validates-as-tel form-control\" id=\"your-phone\" aria-required=\"true\" aria-invalid=\"false\" value=\"\" type=\"tel\" name=\"your_phone\" \/><\/span>\n\t\t\t\t\t\t\t\t\t\t<\/p>\n\t\t\t\t\t\t\t\t\t<\/div>\n\t\t\t\t\t\t\t\t\t<div class=\"form-check\">\n\t\t\t\t\t\t\t\t\t\t<p><span class=\"wpcf7-form-control-wrap\" data-name=\"your-checkbox2\"><span class=\"wpcf7-form-control wpcf7-checkbox wpcf7-validates-as-required form-input\"><span class=\"wpcf7-list-item first last\"><input type=\"checkbox\" name=\"your-checkbox2[]\" value=\"{your-checkbox2}\" \/><span class=\"wpcf7-list-item-label\">your-checkbox2<\/span><\/span><\/span><\/span>\n\t\t\t\t\t\t\t\t\t\t<\/p>\n\t\t\t\t\t\t\t\t\t<\/div>\n\t\t\t\t\t\t\t\t\t<div class=\"form-check\">\n\t\t\t\t\t\t\t\t\t\t<p><span class=\"wpcf7-form-control-wrap\" data-name=\"your-checkbox\"><span class=\"wpcf7-form-control wpcf7-checkbox wpcf7-validates-as-required form-input\"><span class=\"wpcf7-list-item first last\"><input type=\"checkbox\" name=\"your-checkbox[]\" value=\"{your-checkbox}\" \/><span class=\"wpcf7-list-item-label\">your-checkbox<\/span><\/span><\/span><\/span>\n\t\t\t\t\t\t\t\t\t\t<\/p>\n\t\t\t\t\t\t\t\t\t<\/div>\n\t\t\t\t\t\t\t\t<\/div>\n\t\t\t\t\t\t\t\t<div class=\"col-12 col-md-6\">\n\t\t\t\t\t\t\t\t\t<div class=\"form-group \">\n\t\t\t\t\t\t\t\t\t\t<p><label for=\"form-text\">form-text<\/label><br \/>\n<span class=\"wpcf7-form-control-wrap\" data-name=\"your_msg\"><textarea cols=\"40\" rows=\"10\" maxlength=\"2000\" class=\"wpcf7-form-control wpcf7-textarea form-control\" id=\"your-msg\" aria-invalid=\"false\" name=\"your_msg\"><\/textarea><\/span>\n\t\t\t\t\t\t\t\t\t\t<\/p>\n\t\t\t\t\t\t\t\t\t<\/div>\n\t\t\t\t\t\t\t\t\t<p><div id=\"cf7sr-69f9d7b9123fc\" class=\"cf7sr-g-recaptcha\" data-theme=\"light\" data-type=\"image\" data-size=\"normal\" data-sitekey=\"6LeoJzYqAAAAAMBMSlX9MjGy1x1THrwQfKjmBnJN\"><\/div><span class=\"wpcf7-form-control-wrap cf7sr-recaptcha\" data-name=\"cf7sr-recaptcha\"><input type=\"hidden\" name=\"cf7sr-recaptcha\" value=\"\" class=\"wpcf7-form-control\"><\/span><br \/>\n<input class=\"wpcf7-form-control wpcf7-submit has-spinner btn_submit cta btn-primary\" type=\"submit\" value=\"submit\" \/>\n\t\t\t\t\t\t\t\t\t<\/p>\n\t\t\t\t\t\t\t\t<\/div>\n\t\t\t\t\t\t\t<\/div>\n\t\t\t\t\t\t<\/div>\n\t\t\t\t\t<\/div>\n\t\t\t\t<\/div>\n\t\t\t<\/div>\n\t\t<\/div>\n\t<\/div>\n<\/div><p style=\"display: none !important;\" class=\"akismet-fields-container\" data-prefix=\"_wpcf7_ak_\"><label>&#916;<textarea name=\"_wpcf7_ak_hp_textarea\" cols=\"45\" rows=\"8\" maxlength=\"100\"><\/textarea><\/label><input type=\"hidden\" id=\"ak_js_1\" name=\"_wpcf7_ak_js\" value=\"145\"\/><script type=\"text\/javascript\">\n\/* <![CDATA[ *\/\ndocument.getElementById( \"ak_js_1\" ).setAttribute( \"value\", ( new Date() ).getTime() );\n\/* ]]> *\/\n<\/script>\n<\/p><div class=\"wpcf7-response-output\" aria-hidden=\"true\"><\/div>\n<\/form>\n<\/div>\n<\/div>\n","protected":false},"excerpt":{"rendered":"<p>&nbsp; Logosens Zapisy do przedszkoli trwaj\u0105 przez ca\u0142y rok, w miar\u0119 wolnych miejsc. Przyjmujemy dzieci od 2,5 roku \u017cycia Przedszkole czynne jest 12 miesi\u0119cy w roku w dni powszednie od poniedzia\u0142ku do pi\u0105tku w godzinach 7:00 \u2013 18:00* &nbsp; &nbsp; z\u0142\u00f3\u017c wniosek o godzin\u0119 pr\u00f3bn\u0105 &nbsp; &nbsp; Zalety Zmys\u0142 w\u0119chu, jeden z pi\u0119ciu podstawowych zmys\u0142\u00f3w, [&hellip;]<\/p>\n","protected":false},"author":1,"featured_media":0,"parent":0,"menu_order":0,"comment_status":"closed","ping_status":"closed","template":"","meta":{"inline_featured_image":false,"ngg_post_thumbnail":0,"_glsr_average":0,"_glsr_ranking":0,"_glsr_reviews":0,"footnotes":""},"class_list":["post-718","page","type-page","status-publish","hentry"],"_links":{"self":[{"href":"https:\/\/logosens.biz\/index.php?rest_route=\/wp\/v2\/pages\/718","targetHints":{"allow":["GET"]}}],"collection":[{"href":"https:\/\/logosens.biz\/index.php?rest_route=\/wp\/v2\/pages"}],"about":[{"href":"https:\/\/logosens.biz\/index.php?rest_route=\/wp\/v2\/types\/page"}],"author":[{"embeddable":true,"href":"https:\/\/logosens.biz\/index.php?rest_route=\/wp\/v2\/users\/1"}],"replies":[{"embeddable":true,"href":"https:\/\/logosens.biz\/index.php?rest_route=%2Fwp%2Fv2%2Fcomments&post=718"}],"version-history":[{"count":9,"href":"https:\/\/logosens.biz\/index.php?rest_route=\/wp\/v2\/pages\/718\/revisions"}],"predecessor-version":[{"id":918,"href":"https:\/\/logosens.biz\/index.php?rest_route=\/wp\/v2\/pages\/718\/revisions\/918"}],"wp:attachment":[{"href":"https:\/\/logosens.biz\/index.php?rest_route=%2Fwp%2Fv2%2Fmedia&parent=718"}],"curies":[{"name":"wp","href":"https:\/\/api.w.org\/{rel}","templated":true}]}}