{"id":622,"date":"2024-06-28T08:24:28","date_gmt":"2024-06-28T08:24:28","guid":{"rendered":"https:\/\/logosens.biz\/?page_id=622"},"modified":"2024-08-12T07:08:33","modified_gmt":"2024-08-12T07:08:33","slug":"lacznosc","status":"publish","type":"page","link":"https:\/\/logosens.biz\/?page_id=622","title":{"rendered":"Kontakt"},"content":{"rendered":"\n<h1 class=\"wp-block-heading\">Kontakt<\/h1>\n\n\n\n<p>Niepubliczne Przedszkole \u201eLogoSens\u201d oddzia\u0142em integracyjnym w Krakowie<br>Oddzia\u0142 I<br><\/p>\n\n\n\n<div class=\"wp-block-columns is-layout-flex wp-container-core-columns-is-layout-9d6595d7 wp-block-columns-is-layout-flex\">\n<div class=\"wp-block-column is-layout-flow wp-block-column-is-layout-flow\" style=\"flex-basis:100%\">\n<div><iframe src=\"https:\/\/maps.google.com\/maps?q=Chmieleniec+2B&amp;z=12&amp;t=m&amp;output=embed\" style=\"border:0;height:300px;width:100%\"><\/iframe><\/div>\n<\/div>\n<\/div>\n\n\n\n<p>Ul. Chmieleniec 2B LU2, LU3<\/p>\n\n\n\n<p>Oddzia\u0142 II<br><\/p>\n\n\n\n<p>Ul. Konopczy\u0144skiego 14 LU10<\/p>\n\n\n\n<div><iframe src=\"https:\/\/maps.google.com\/maps?q=Konopczy%C5%84skiego+14&amp;z=12&amp;t=m&amp;output=embed\" style=\"border:0;height:300px;width:100%\"><\/iframe><\/div>\n\n\n\n<p>tel. +48&nbsp;537&nbsp;384&nbsp;318 \u2013 O. Honcharuk<br>tel. +48&nbsp;452&nbsp;670&nbsp;394<br>e-mail: logosens.krakow@gmail.com<br><\/p>\n<a href=\"https:\/\/www.facebook.com\/burichko\" target=\"_blank\" aria-label=\"\" rel=\"noopener\" class=\"linck\">\n                        <img decoding=\"async\" src=\"https:\/\/logosens.biz\/wp-content\/uploads\/2024\/08\/free-icon-facebook-174848.png\" alt=\"\" class=\"wp-image-863\" style=\"width:20px;height:auto\"\/>\n                        <\/a>\n\n\n\n<p>Niepubliczna Poradnia Psychologiczno-Pedagogiczna LogoSens, ul. Chmieleniec 2B<br>LU2 i LU3, 30-348 Krak\u00f3w,<\/p>\n\n\n\n<p>e-mail: logosens.krakow@gmail.com<br>tel. +48&nbsp;537&nbsp;384 318<\/p>\n","protected":false},"excerpt":{"rendered":"<p>Kontakt Niepubliczne Przedszkole \u201eLogoSens\u201d oddzia\u0142em integracyjnym w KrakowieOddzia\u0142 I Ul. Chmieleniec 2B LU2, LU3 Oddzia\u0142 II Ul. Konopczy\u0144skiego 14 LU10 tel. +48&nbsp;537&nbsp;384&nbsp;318 \u2013 O. Honcharuktel. +48&nbsp;452&nbsp;670&nbsp;394e-mail: logosens.krakow@gmail.com Niepubliczna Poradnia Psychologiczno-Pedagogiczna LogoSens, ul. Chmieleniec 2BLU2 i LU3, 30-348 Krak\u00f3w, e-mail: logosens.krakow@gmail.comtel. +48&nbsp;537&nbsp;384 318<\/p>\n","protected":false},"author":1,"featured_media":0,"parent":0,"menu_order":0,"comment_status":"closed","ping_status":"closed","template":"","meta":{"inline_featured_image":false,"ngg_post_thumbnail":0,"_glsr_average":0,"_glsr_ranking":0,"_glsr_reviews":0,"footnotes":""},"class_list":["post-622","page","type-page","status-publish","hentry"],"_links":{"self":[{"href":"https:\/\/logosens.biz\/index.php?rest_route=\/wp\/v2\/pages\/622","targetHints":{"allow":["GET"]}}],"collection":[{"href":"https:\/\/logosens.biz\/index.php?rest_route=\/wp\/v2\/pages"}],"about":[{"href":"https:\/\/logosens.biz\/index.php?rest_route=\/wp\/v2\/types\/page"}],"author":[{"embeddable":true,"href":"https:\/\/logosens.biz\/index.php?rest_route=\/wp\/v2\/users\/1"}],"replies":[{"embeddable":true,"href":"https:\/\/logosens.biz\/index.php?rest_route=%2Fwp%2Fv2%2Fcomments&post=622"}],"version-history":[{"count":8,"href":"https:\/\/logosens.biz\/index.php?rest_route=\/wp\/v2\/pages\/622\/revisions"}],"predecessor-version":[{"id":898,"href":"https:\/\/logosens.biz\/index.php?rest_route=\/wp\/v2\/pages\/622\/revisions\/898"}],"wp:attachment":[{"href":"https:\/\/logosens.biz\/index.php?rest_route=%2Fwp%2Fv2%2Fmedia&parent=622"}],"curies":[{"name":"wp","href":"https:\/\/api.w.org\/{rel}","templated":true}]}}